{"id":20,"date":"2024-10-17T15:40:39","date_gmt":"2024-10-17T15:40:39","guid":{"rendered":"https:\/\/stay-zermatt.ch\/?page_id=20"},"modified":"2026-03-06T12:56:02","modified_gmt":"2026-03-06T12:56:02","slug":"imprint","status":"publish","type":"page","link":"https:\/\/stay-zermatt.ch\/de\/imprint\/","title":{"rendered":"Impressum"},"content":{"rendered":"<div data-elementor-type=\"wp-page\" data-elementor-id=\"20\" class=\"elementor elementor-20\">\n\t\t\t\t<div class=\"elementor-element elementor-element-a562280 e-flex e-con-boxed e-con e-parent\" data-id=\"a562280\" data-element_type=\"container\" data-e-type=\"container\">\n\t\t\t\t\t<div class=\"e-con-inner\">\n\t\t\t\t<div class=\"elementor-element elementor-element-768a988 elementor-widget elementor-widget-text-editor\" data-id=\"768a988\" data-element_type=\"widget\" data-e-type=\"widget\" data-widget_type=\"text-editor.default\">\n\t\t\t\t<div class=\"elementor-widget-container\">\n\t\t\t\t\t\t\t\t\t<h3>Adresse des Unternehmens<\/h3><p>Aufdenblatten Apartments AG<\/p><p><a href=\"mailto:info@stay-zermatt.ch\">info@stay-zermatt.ch<\/a><\/p><h3>Verwaltung<\/h3><p>Aufdenblatten Apartments AG<\/p><p><a href=\"mailto:info@stay-zermatt.ch\">info@stay-zermatt.ch<\/a><\/p><p>Die Gesellschaft ist im Handelsregister des Kantons Luzern unter der UID CHE-157.409.775 eingetragen.<\/p>\t\t\t\t\t\t\t\t<\/div>\n\t\t\t\t<\/div>\n\t\t\t\t\t<\/div>\n\t\t\t\t<\/div>\n\t\t\t\t<\/div>","protected":false},"excerpt":{"rendered":"<p>Company Address Aufdenblatten Apartments AG info@stay-zermatt.ch Management Aufdenblatten Apartments AG info@stay-zermatt.ch The company is registered in the commercial register of canton Lucerne under UID CHE-157.409.775.<\/p>","protected":false},"author":1,"featured_media":3045,"parent":0,"menu_order":5,"comment_status":"closed","ping_status":"closed","template":"template-fullwidth.php","meta":{"cozystay_single_page_hide_site_header":"","cozystay_single_page_site_header_source":"","cozystay_single_page_custom_site_header":"0","cozystay_single_page_custom_sticky_site_header":"0","cozystay_single_page_hide_page_title":"","cozystay_single_page_header_section_size":"","cozystay_single_page_header_background_color":"","cozystay_single_page_header_background_position_x":"center","cozystay_single_page_header_background_position_y":"center","cozystay_single_page_header_background_size":"cover","cozystay_single_page_header_background_repeat":"off","cozystay_single_page_header_background_scroll":"on","cozystay_single_page_header_text_color":"","cozystay_single_page_header_show_breadcrumb":"","cozystay_single_page_site_footer_hide_main":"","cozystay_single_custom_site_footer_main_source":"","cozystay_single_custom_site_footer_main":"0","cozystay_single_page_site_footer_hide_above":"","cozystay_single_custom_site_footer_above_source":"","cozystay_single_custom_site_footer_above":"0","cozystay_single_page_site_footer_hide_instagram":"","cozystay_single_page_site_footer_hide_bottom":"","cozystay_single_custom_mobile_menu_source":"","cozystay_single_custom_mobile_menu":"0","cozystay_single_custom_mobile_menu_animation":"","cozystay_single_custom_mobile_menu_width":"","cozystay_single_custom_mobile_menu_custom_width":375,"footnotes":""},"class_list":["post-20","page","type-page","status-publish","has-post-thumbnail","hentry"],"yoast_head":"<!-- This site is optimized with the Yoast SEO plugin v27.1.1 - https:\/\/yoast.com\/product\/yoast-seo-wordpress\/ -->\n<title>Imprint - Accomodations in Zermatt<\/title>\n<meta name=\"robots\" content=\"noindex, nofollow\" \/>\n<meta property=\"og:locale\" content=\"de_DE\" \/>\n<meta property=\"og:type\" content=\"article\" \/>\n<meta property=\"og:title\" content=\"Imprint - Accomodations in Zermatt\" \/>\n<meta property=\"og:description\" content=\"Company Address Aufdenblatten Apartments AG info@stay-zermatt.ch Management Aufdenblatten Apartments AG info@stay-zermatt.ch The company is registered in the commercial register of canton Lucerne under UID CHE-157.409.775.\" \/>\n<meta property=\"og:url\" content=\"https:\/\/stay-zermatt.ch\/de\/imprint\/\" \/>\n<meta property=\"og:site_name\" content=\"Accomodations in Zermatt\" \/>\n<meta property=\"article:modified_time\" content=\"2026-03-06T12:56:02+00:00\" \/>\n<meta property=\"og:image\" content=\"https:\/\/stay-zermatt.ch\/wp-content\/uploads\/2024\/10\/Gornergratbahn-scaled.jpg\" \/>\n\t<meta property=\"og:image:width\" content=\"2560\" \/>\n\t<meta property=\"og:image:height\" content=\"1707\" \/>\n\t<meta property=\"og:image:type\" content=\"image\/jpeg\" \/>\n<meta name=\"twitter:card\" content=\"summary_large_image\" \/>\n<meta name=\"twitter:label1\" content=\"Gesch\u00e4tzte Lesezeit\" \/>\n\t<meta name=\"twitter:data1\" content=\"1\u00a0Minute\" \/>\n<script type=\"application\/ld+json\" class=\"yoast-schema-graph\">{\"@context\":\"https:\/\/schema.org\",\"@graph\":[{\"@type\":\"WebPage\",\"@id\":\"https:\/\/stay-zermatt.ch\/imprint\/\",\"url\":\"https:\/\/stay-zermatt.ch\/imprint\/\",\"name\":\"Imprint - Accomodations in Zermatt\",\"isPartOf\":{\"@id\":\"https:\/\/stay-zermatt.ch\/#website\"},\"primaryImageOfPage\":{\"@id\":\"https:\/\/stay-zermatt.ch\/imprint\/#primaryimage\"},\"image\":{\"@id\":\"https:\/\/stay-zermatt.ch\/imprint\/#primaryimage\"},\"thumbnailUrl\":\"https:\/\/stay-zermatt.ch\/wp-content\/uploads\/2024\/10\/Gornergratbahn-scaled.jpg\",\"datePublished\":\"2024-10-17T15:40:39+00:00\",\"dateModified\":\"2026-03-06T12:56:02+00:00\",\"breadcrumb\":{\"@id\":\"https:\/\/stay-zermatt.ch\/imprint\/#breadcrumb\"},\"inLanguage\":\"de-CH\",\"potentialAction\":[{\"@type\":\"ReadAction\",\"target\":[\"https:\/\/stay-zermatt.ch\/imprint\/\"]}]},{\"@type\":\"ImageObject\",\"inLanguage\":\"de-CH\",\"@id\":\"https:\/\/stay-zermatt.ch\/imprint\/#primaryimage\",\"url\":\"https:\/\/stay-zermatt.ch\/wp-content\/uploads\/2024\/10\/Gornergratbahn-scaled.jpg\",\"contentUrl\":\"https:\/\/stay-zermatt.ch\/wp-content\/uploads\/2024\/10\/Gornergratbahn-scaled.jpg\",\"width\":2560,\"height\":1707,\"caption\":\"Ansicht der Gornergratbahn im Fr\u00fchling mit Sicht auf das Matterhorn\"},{\"@type\":\"BreadcrumbList\",\"@id\":\"https:\/\/stay-zermatt.ch\/imprint\/#breadcrumb\",\"itemListElement\":[{\"@type\":\"ListItem\",\"position\":1,\"name\":\"Home\",\"item\":\"https:\/\/stay-zermatt.ch\/\"},{\"@type\":\"ListItem\",\"position\":2,\"name\":\"Imprint\"}]},{\"@type\":\"WebSite\",\"@id\":\"https:\/\/stay-zermatt.ch\/#website\",\"url\":\"https:\/\/stay-zermatt.ch\/\",\"name\":\"Accomodations in Zermatt\",\"description\":\"If you\u2019re looking for an unforgettable holiday in the Swiss mountains, a place to stay in Zermatt is the perfect starting point. With our selection of accommodation options, we offer you everything you need for an unforgettable stay. Whether you\u2019re planning a romantic weekend, a family holiday or an adventure trip with friends, you\u2019ll find the ideal option with us.\",\"publisher\":{\"@id\":\"https:\/\/stay-zermatt.ch\/#organization\"},\"potentialAction\":[{\"@type\":\"SearchAction\",\"target\":{\"@type\":\"EntryPoint\",\"urlTemplate\":\"https:\/\/stay-zermatt.ch\/?s={search_term_string}\"},\"query-input\":{\"@type\":\"PropertyValueSpecification\",\"valueRequired\":true,\"valueName\":\"search_term_string\"}}],\"inLanguage\":\"de-CH\"},{\"@type\":\"Organization\",\"@id\":\"https:\/\/stay-zermatt.ch\/#organization\",\"name\":\"Accomodations in Zermatt\",\"url\":\"https:\/\/stay-zermatt.ch\/\",\"logo\":{\"@type\":\"ImageObject\",\"inLanguage\":\"de-CH\",\"@id\":\"https:\/\/stay-zermatt.ch\/#\/schema\/logo\/image\/\",\"url\":\"https:\/\/stay-zermatt.ch\/wp-content\/uploads\/2026\/02\/Favicon-Stay-Zermatt-512x512-1.png\",\"contentUrl\":\"https:\/\/stay-zermatt.ch\/wp-content\/uploads\/2026\/02\/Favicon-Stay-Zermatt-512x512-1.png\",\"width\":512,\"height\":512,\"caption\":\"Accomodations in Zermatt\"},\"image\":{\"@id\":\"https:\/\/stay-zermatt.ch\/#\/schema\/logo\/image\/\"}}]}<\/script>\n<!-- \/ Yoast SEO plugin. -->","yoast_head_json":{"title":"Impressum - \u00dcbernachtungsm\u00f6glichkeiten in Zermatt","robots":{"index":"noindex","follow":"nofollow"},"og_locale":"de_DE","og_type":"article","og_title":"Imprint - Accomodations in Zermatt","og_description":"Company Address Aufdenblatten Apartments AG info@stay-zermatt.ch Management Aufdenblatten Apartments AG info@stay-zermatt.ch The company is registered in the commercial register of canton Lucerne under UID CHE-157.409.775.","og_url":"https:\/\/stay-zermatt.ch\/de\/imprint\/","og_site_name":"Accomodations in Zermatt","article_modified_time":"2026-03-06T12:56:02+00:00","og_image":[{"width":2560,"height":1707,"url":"https:\/\/stay-zermatt.ch\/wp-content\/uploads\/2024\/10\/Gornergratbahn-scaled.jpg","type":"image\/jpeg"}],"twitter_card":"summary_large_image","twitter_misc":{"Gesch\u00e4tzte Lesezeit":"1\u00a0Minute"},"schema":{"@context":"https:\/\/schema.org","@graph":[{"@type":"WebPage","@id":"https:\/\/stay-zermatt.ch\/imprint\/","url":"https:\/\/stay-zermatt.ch\/imprint\/","name":"Impressum - \u00dcbernachtungsm\u00f6glichkeiten in Zermatt","isPartOf":{"@id":"https:\/\/stay-zermatt.ch\/#website"},"primaryImageOfPage":{"@id":"https:\/\/stay-zermatt.ch\/imprint\/#primaryimage"},"image":{"@id":"https:\/\/stay-zermatt.ch\/imprint\/#primaryimage"},"thumbnailUrl":"https:\/\/stay-zermatt.ch\/wp-content\/uploads\/2024\/10\/Gornergratbahn-scaled.jpg","datePublished":"2024-10-17T15:40:39+00:00","dateModified":"2026-03-06T12:56:02+00:00","breadcrumb":{"@id":"https:\/\/stay-zermatt.ch\/imprint\/#breadcrumb"},"inLanguage":"de-CH","potentialAction":[{"@type":"ReadAction","target":["https:\/\/stay-zermatt.ch\/imprint\/"]}]},{"@type":"ImageObject","inLanguage":"de-CH","@id":"https:\/\/stay-zermatt.ch\/imprint\/#primaryimage","url":"https:\/\/stay-zermatt.ch\/wp-content\/uploads\/2024\/10\/Gornergratbahn-scaled.jpg","contentUrl":"https:\/\/stay-zermatt.ch\/wp-content\/uploads\/2024\/10\/Gornergratbahn-scaled.jpg","width":2560,"height":1707,"caption":"Ansicht der Gornergratbahn im Fr\u00fchling mit Sicht auf das Matterhorn"},{"@type":"BreadcrumbList","@id":"https:\/\/stay-zermatt.ch\/imprint\/#breadcrumb","itemListElement":[{"@type":"ListItem","position":1,"name":"Home","item":"https:\/\/stay-zermatt.ch\/"},{"@type":"ListItem","position":2,"name":"Imprint"}]},{"@type":"WebSite","@id":"https:\/\/stay-zermatt.ch\/#website","url":"https:\/\/stay-zermatt.ch\/","name":"\u00dcbernachtungen in Zermatt","description":"Wenn Sie auf der Suche nach einem unvergesslichen Urlaub in den Schweizer Bergen sind, ist eine Unterkunft in Zermatt der perfekte Ausgangspunkt. Mit unserer Auswahl an Unterkunftsm\u00f6glichkeiten bieten wir Ihnen alles, was Sie f\u00fcr einen unvergesslichen Aufenthalt ben\u00f6tigen. Ob Sie ein romantisches Wochenende, einen Familienurlaub oder einen Abenteuertrip mit Freunden planen, bei uns finden Sie die ideale Option.","publisher":{"@id":"https:\/\/stay-zermatt.ch\/#organization"},"potentialAction":[{"@type":"SearchAction","target":{"@type":"EntryPoint","urlTemplate":"https:\/\/stay-zermatt.ch\/?s={search_term_string}"},"query-input":{"@type":"PropertyValueSpecification","valueRequired":true,"valueName":"search_term_string"}}],"inLanguage":"de-CH"},{"@type":"Organization","@id":"https:\/\/stay-zermatt.ch\/#organization","name":"\u00dcbernachtungen in Zermatt","url":"https:\/\/stay-zermatt.ch\/","logo":{"@type":"ImageObject","inLanguage":"de-CH","@id":"https:\/\/stay-zermatt.ch\/#\/schema\/logo\/image\/","url":"https:\/\/stay-zermatt.ch\/wp-content\/uploads\/2026\/02\/Favicon-Stay-Zermatt-512x512-1.png","contentUrl":"https:\/\/stay-zermatt.ch\/wp-content\/uploads\/2026\/02\/Favicon-Stay-Zermatt-512x512-1.png","width":512,"height":512,"caption":"Accomodations in Zermatt"},"image":{"@id":"https:\/\/stay-zermatt.ch\/#\/schema\/logo\/image\/"}}]}},"_links":{"self":[{"href":"https:\/\/stay-zermatt.ch\/de\/wp-json\/wp\/v2\/pages\/20","targetHints":{"allow":["GET"]}}],"collection":[{"href":"https:\/\/stay-zermatt.ch\/de\/wp-json\/wp\/v2\/pages"}],"about":[{"href":"https:\/\/stay-zermatt.ch\/de\/wp-json\/wp\/v2\/types\/page"}],"author":[{"embeddable":true,"href":"https:\/\/stay-zermatt.ch\/de\/wp-json\/wp\/v2\/users\/1"}],"replies":[{"embeddable":true,"href":"https:\/\/stay-zermatt.ch\/de\/wp-json\/wp\/v2\/comments?post=20"}],"version-history":[{"count":25,"href":"https:\/\/stay-zermatt.ch\/de\/wp-json\/wp\/v2\/pages\/20\/revisions"}],"predecessor-version":[{"id":5064,"href":"https:\/\/stay-zermatt.ch\/de\/wp-json\/wp\/v2\/pages\/20\/revisions\/5064"}],"wp:featuredmedia":[{"embeddable":true,"href":"https:\/\/stay-zermatt.ch\/de\/wp-json\/wp\/v2\/media\/3045"}],"wp:attachment":[{"href":"https:\/\/stay-zermatt.ch\/de\/wp-json\/wp\/v2\/media?parent=20"}],"curies":[{"name":"wp","href":"https:\/\/api.w.org\/{rel}","templated":true}]}}